{"id":569,"date":"2020-11-23T10:32:45","date_gmt":"2020-11-23T09:32:45","guid":{"rendered":"http:\/\/dev.prozessanwalt-hamburg.de\/?page_id=569"},"modified":"2020-11-30T10:04:55","modified_gmt":"2020-11-30T09:04:55","slug":"imprint","status":"publish","type":"page","link":"https:\/\/www.prozessanwalt-hamburg.de\/en\/imprint\/","title":{"rendered":"Imprint"},"content":{"rendered":"<div id='av_section_1'  class='avia-section main_color avia-section-huge avia-no-border-styling  avia-bg-style-scroll  avia-builder-el-0  el_before_av_one_full  avia-builder-el-first   av-minimum-height av-minimum-height-25  container_wrap fullsize' style='background-color: #93755b;  '   data-av_minimum_height_pc='25'><div class='container' ><main  role=\"main\" itemprop=\"mainContentOfPage\"  class='template-page content  av-content-full alpha units'><div class='post-entry post-entry-type-page post-entry-569'><div class='entry-content-wrapper clearfix'>\n<div class='flex_column_table av-equal-height-column-flextable -flextable' ><div class=\"flex_column av_one_full  flex_column_table_cell av-equal-height-column av-align-middle av-zero-column-padding first  avia-builder-el-1  avia-builder-el-no-sibling  \" style='border-radius:0px; '><section class=\"av_textblock_section \"  itemscope=\"itemscope\" itemtype=\"https:\/\/schema.org\/CreativeWork\" ><div class='avia_textblock  av_inherit_color '  style='color:#ffffff; '  itemprop=\"text\" ><h1 style=\"text-align: center;\">Imprint<\/h1>\n<\/div><\/section><\/div><\/div><!--close column table wrapper. Autoclose: 1 --><\/div><\/div><\/main><!-- close content main element --><\/div><\/div><div id='after_section_1'  class='main_color av_default_container_wrap container_wrap fullsize' style=' '  ><div class='container' ><div class='template-page content  av-content-full alpha units'><div class='post-entry post-entry-type-page post-entry-569'><div class='entry-content-wrapper clearfix'><div class=\"flex_column av_one_full  flex_column_div av-zero-column-padding first  avia-builder-el-3  el_after_av_section  avia-builder-el-no-sibling  \" style='border-radius:0px; '><section class=\"av_textblock_section \"  itemscope=\"itemscope\" itemtype=\"https:\/\/schema.org\/CreativeWork\" ><div class='avia_textblock  '   itemprop=\"text\" ><h4>Attorney-at-law<\/h4>\n<h4>Dr. Dominic Thiele, LL.M. (U.N.S.W.)<\/h4>\n<p><strong>Address and location of the lawfirm:<\/strong><\/p>\n<p>Abteistra\u00dfe 11<br \/>D-20149 Hamburg (Germany)<\/p>\n<p><strong>Contact:<\/strong><\/p>\n<p>T:\u00a0+49 (0) 40 609 441 770<br \/>F:\u00a0+49 (0) 40 609 441 779<br \/>E:\u00a0<a href=\"mailto:thiele@prozessanwalt-hamburg.de\">thiele@prozessanwalt-hamburg.de<\/a><br \/><a href=\"http:\/\/www.prozessanwalt-hamburg.de\/www.prozessanwalt-hamburg.de\">www.litigator-hamburg.de<\/a><\/p>\n<h4>VAT identification number<\/h4>\n<p>DE261195459<\/p>\n<h4>Bar Association<\/h4>\n<p>Att. Dr. Dominic Thiele has been admitted to the bar according to the law of the Federal Republic of Germany. He is a member of the Hamburg Bar Association (membership no. 123488) and subject to its supervision:<\/p>\n<p>Hanseatische Rechtsanwaltskammer Hamburg<br \/>Valentinskamp 88, 20355 Hamburg<br \/>T:\u00a0 +49 (0) 40 357 441 0<br \/>F:\u00a0 +49 (0) 40 357 441 41<br \/>E:\u00a0<a href=\"mailto:info@rechtsanwaltskammerhamburg.de\">info@rechtsanwaltskammerhamburg.de<\/a><br \/><a href=\"http:\/\/www.prozessanwalt-hamburg.de\/www.rechtsanwaltskammerhamburg.de\">www.rechtsanwaltskammerhamburg.de<\/a><\/p>\n<h4>Professional law<\/h4>\n<p>The relevant professional rules can be viewed on the website of the German Federal Bar Association (www.brak.de) in the section \u201cBerufsrecht\u201d. In particular, the following provisions are relevant:<\/p>\n<p>BRAO &#8211; Bundesrechtsanwaltsordnung<br \/>BORA &#8211; Berufsordnung f\u00fcr Rechtsanw\u00e4lte<br \/>FAO &#8211; Fachanwaltsordnung<br \/>RVG &#8211; Gesetz \u00fcber die Verg\u00fctung der Rechtsanw\u00e4ltinnen und Rechtsanw\u00e4lte<br \/>CCBE &#8211; Berufsregeln der Rechtsanw\u00e4lte der Europ\u00e4ischen Gemeinschaft<br \/>EuRAG &#8211; Gesetz \u00fcber die T\u00e4tigkeit europ\u00e4ischer Rechtsanw\u00e4lte in Deutschland<\/p>\n<p>The law firm\u2019s professional liability insurer is HDI Versicherung AG.<\/p>\n<p>The information on this website is solely intended to present the law office of Att. Dr. Dominic Thiele. It neither contains a binding legal advice nor is suitable to replace the same. Att. Dr. Thiele excludes any liability for the actuality, correctness and completeness of the information presented on this website. The same applies to external online contents to which this website directly or indirectly refers by way of hyperlinks and on which Att. Dr. Thiele does not have any influence.<\/p>\n<p>The content of this website is subject to intellectual property rights. The duplication or copying of the texts and images require the previous written consent of Att. Dr. Thiele.<\/p>\n<p>The legal references on this website and all issues and disputes in the context of this website are subject to the law of the Federal Republic of Germany.<\/p>\n<\/div><\/section><\/div><\/p>\n","protected":false},"excerpt":{"rendered":"","protected":false},"author":3,"featured_media":0,"parent":0,"menu_order":0,"comment_status":"closed","ping_status":"closed","template":"","meta":[],"_links":{"self":[{"href":"https:\/\/www.prozessanwalt-hamburg.de\/en\/wp-json\/wp\/v2\/pages\/569\/"}],"collection":[{"href":"https:\/\/www.prozessanwalt-hamburg.de\/en\/wp-json\/wp\/v2\/pages\/"}],"about":[{"href":"https:\/\/www.prozessanwalt-hamburg.de\/en\/wp-json\/wp\/v2\/types\/page\/"}],"author":[{"embeddable":true,"href":"https:\/\/www.prozessanwalt-hamburg.de\/en\/wp-json\/wp\/v2\/users\/3\/"}],"replies":[{"embeddable":true,"href":"https:\/\/www.prozessanwalt-hamburg.de\/en\/wp-json\/wp\/v2\/comments\/?post=569"}],"version-history":[{"count":5,"href":"https:\/\/www.prozessanwalt-hamburg.de\/en\/wp-json\/wp\/v2\/pages\/569\/revisions\/"}],"predecessor-version":[{"id":718,"href":"https:\/\/www.prozessanwalt-hamburg.de\/en\/wp-json\/wp\/v2\/pages\/569\/revisions\/718\/"}],"wp:attachment":[{"href":"https:\/\/www.prozessanwalt-hamburg.de\/en\/wp-json\/wp\/v2\/media\/?parent=569"}],"curies":[{"name":"wp","href":"https:\/\/api.w.org\/{rel}","templated":true}]}}